{"id":10951,"date":"2024-09-21T00:59:17","date_gmt":"2024-09-20T22:59:17","guid":{"rendered":"https:\/\/amazingholidays.travel\/?page_id=10951"},"modified":"2024-09-21T01:00:45","modified_gmt":"2024-09-20T23:00:45","slug":"esim-fuer-kanada-reisende","status":"publish","type":"page","link":"https:\/\/amazingholidays.travel\/en_gb\/esim-fuer-kanada-reisende\/","title":{"rendered":"eSim f\u00fcr Canada Reisende"},"content":{"rendered":"<p><!DOCTYPE html><br \/>\n<html lang=\"de\"><br \/>\n<head><br \/>\n    <meta charset=\"UTF-8\"><br \/>\n    <meta name=\"viewport\" content=\"width=device-width, initial-scale=1.0\"><\/p>\n<style>\n        body {\n            font-family: Arial, sans-serif;\n            background-color: #F5F8FF;\n            color: #002248;\n            margin: 0;\n            padding: 0;\n        }\n        h1 {\n            color: #002248;\n            font-size: 36px;\n            margin-bottom: 20px;\n        }\n        h2 {\n            color: #44D7B6;\n            font-size: 28px;\n            margin-top: 30px;\n            margin-bottom: 15px;\n        }\n        h3 {\n            color: #3685FB;\n            font-size: 22px;\n            margin-top: 25px;\n        }\n        p {\n            font-size: 16px;\n            line-height: 1.6;\n            color: #002248;\n        }\n        a {\n            color: #3685FB;\n            text-decoration: none;\n        }\n        a:hover {\n            text-decoration: underline;\n        }\n        .highlight {\n            background-color: #44D7B6;\n            color: white;\n            padding: 5px;\n            border-radius: 5px;\n        }\n        .container {\n            max-width: 1200px;\n            margin: 0 auto;\n            padding: 20px;\n        }\n        .cta-button {\n            background-color: #3685FB;\n            color: white;\n            padding: 15px 25px;\n            font-size: 18px;\n            text-align: center;\n            display: inline-block;\n            margin-top: 20px;\n            border-radius: 5px;\n        }\n        .cta-button:hover {\n            background-color: #002248;\n        }\n    <\/style>\n<p><\/head><br \/>\n<body data-rsssl=1><\/p>\n<div class=\"container\">\n<h1>eSIM f\u00fcr Kanada Reisende: Perfekte Verbindung f\u00fcr Ihre Kanada-Reise<\/h1>\n<p>Mit der <strong>eSIM f\u00fcr Kanada Reisende<\/strong> von <strong>AmazingHolidays.Travel<\/strong>, unterst\u00fctzt von <strong>Breeze<\/strong>, bleiben Sie w\u00e4hrend Ihrer Reise in Kanada immer und \u00fcberall verbunden. Diese flexible und kosteng\u00fcnstige L\u00f6sung macht Ihre Reise stressfreier und sicherer.<\/p>\n<p>    <a class=\"cta-button\" href=\"https:\/\/breezesim.com\/products\/esimg_ca_v2?sca_ref=7032409.1zQtzWRPv0\" target=\"_blank\" rel=\"noopener\">Jetzt eSIM buchen<\/a><\/p>\n<h2>Warum eine eSIM f\u00fcr Kanada Reisende w\u00e4hlen?<\/h2>\n<p>Ob Sie die atemberaubenden Landschaften der Rocky Mountains erkunden oder die kulturellen Highlights in St\u00e4dten wie Toronto und Vancouver genie\u00dfen \u2013 mit einer <strong>eSIM f\u00fcr Kanada Reisende<\/strong> sind Sie sofort online. Keine physischen SIM-Karten oder Roaming-Geb\u00fchren. Aktivieren Sie die eSIM einfach per QR-Code.<\/p>\n<ul>\n<li><strong>Sofortige Verbindung:<\/strong> Keine Suche nach lokalen SIM-Karten. Aktivieren Sie Ihre eSIM sofort und bleiben Sie online, sobald Sie landen.<\/li>\n<li><strong>Flexible Datenpakete:<\/strong> W\u00e4hlen Sie ein Paket, das Ihren Bed\u00fcrfnissen entspricht, egal ob f\u00fcr gelegentliches Surfen oder intensives Streaming.<\/li>\n<li><strong>Zuverl\u00e4ssige Partner:<\/strong> Unsere eSIM-Dienste werden von <strong>AmazingHolidays.Travel<\/strong> in Partnerschaft mit <strong>Breeze<\/strong> bereitgestellt.<\/li>\n<\/ul>\n<p>    <a class=\"cta-button\" href=\"https:\/\/breezesim.com\/products\/esimg_ca_v2?sca_ref=7032409.1zQtzWRPv0\" target=\"_blank\" rel=\"noopener\">Jetzt eSIM buchen<\/a><\/p>\n<h2>Vorteile einer eSIM f\u00fcr Kanada Reisende<\/h2>\n<p>Die Nutzung einer eSIM bringt zahlreiche Vorteile, die Ihre Kanada-Reise entspannter gestalten:<\/p>\n<ul>\n<li><strong>Schnelle Aktivierung:<\/strong> QR-Code scannen, und die eSIM ist sofort einsatzbereit.<\/li>\n<li><strong>Keine Roaming-Geb\u00fchren:<\/strong> Vermeiden Sie hohe Geb\u00fchren durch die Auswahl eines passenden Datenplans.<\/li>\n<li><strong>Sichere Verbindung:<\/strong> Mit einer eSIM surfen Sie sicherer als mit \u00f6ffentlichem WLAN.<\/li>\n<\/ul>\n<h2>Einrichtung Ihrer Kanada-eSIM<\/h2>\n<p>Die Aktivierung der eSIM f\u00fcr Ihre Kanada-Reise ist unkompliziert:<\/p>\n<ol>\n<li><strong>Paket ausw\u00e4hlen:<\/strong> Besuchen Sie <a href=\"https:\/\/amazingholidays.travel\/en_gb\/\" target=\"_blank\" rel=\"noopener\">AmazingHolidays.Travel<\/a> und w\u00e4hlen Sie einen der eSIM-Tarife, die von <strong>Breeze<\/strong> bereitgestellt werden.<\/li>\n<li><strong>QR-Code erhalten:<\/strong> Nach dem Kauf erhalten Sie einen QR-Code per E-Mail.<\/li>\n<li><strong>Aktivieren:<\/strong> Scannen Sie den QR-Code, und Ihre eSIM ist sofort einsatzbereit.<\/li>\n<li><strong>Verbunden bleiben:<\/strong> Genie\u00dfen Sie eine schnelle und zuverl\u00e4ssige mobile Datenverbindung.<\/li>\n<\/ol>\n<p>    <a class=\"cta-button\" href=\"https:\/\/breezesim.com\/products\/esimg_ca_v2?sca_ref=7032409.1zQtzWRPv0\" target=\"_blank\" rel=\"noopener\">Jetzt eSIM buchen<\/a><\/p>\n<h2>Beste Tarife f\u00fcr Kanada-Reisende<\/h2>\n<p>Unsere eSIM-Tarife bieten die perfekte L\u00f6sung f\u00fcr Touristen und Gesch\u00e4ftsreisende. Bei <strong>AmazingHolidays.Travel<\/strong> finden Sie verschiedene Optionen:<\/p>\n<ul>\n<li><strong>Touristen:<\/strong> Kurzfristige Tarife mit 7-30 Tagen Laufzeit.<\/li>\n<li><strong>Gesch\u00e4ftsreisende:<\/strong> Unbegrenzte Datenoptionen f\u00fcr intensive Nutzung.<\/li>\n<li><strong>Vielflieger:<\/strong> Langfristige Pl\u00e4ne f\u00fcr regelm\u00e4\u00dfige Reisen.<\/li>\n<\/ul>\n<h3>Kompatible Ger\u00e4te<\/h3>\n<p>Stellen Sie sicher, dass Ihr Ger\u00e4t eSIM-kompatibel ist. Beliebte Modelle sind:<\/p>\n<ul>\n<li>iPhone 14, 13, 12-Serie<\/li>\n<li>Google Pixel 4 und sp\u00e4ter<\/li>\n<li>Samsung Galaxy S21, S20 und sp\u00e4ter<\/li>\n<\/ul>\n<h3>Ihre Kanada-Reise mit AmazingHolidays.Travel<\/h3>\n<p>Bei <strong>AmazingHolidays.Travel<\/strong> bieten wir Ihnen eine stressfreie Reiseerfahrung. Mit einer <strong>eSIM f\u00fcr Kanada Reisende<\/strong>, unterst\u00fctzt von <strong>Breeze<\/strong>, bleiben Sie w\u00e4hrend Ihrer gesamten Kanada-Reise verbunden. Jetzt eSIM buchen und sorgenfrei reisen!<\/p>\n<p>    <a class=\"cta-button\" href=\"https:\/\/breezesim.com\/products\/esimg_ca_v2?sca_ref=7032409.1zQtzWRPv0\" target=\"_blank\" rel=\"noopener\">Jetzt eSIM buchen<\/a>\n<\/div>\n<p><\/body><br \/>\n<\/html><\/p>","protected":false},"excerpt":{"rendered":"<p>eSIM f\u00fcr Kanada Reisende: Perfekte Verbindung f\u00fcr Ihre Kanada-Reise Mit der eSIM f\u00fcr Kanada Reisende von AmazingHolidays.Travel, unterst\u00fctzt von Breeze, bleiben Sie w\u00e4hrend Ihrer Reise in Kanada immer und \u00fcberall verbunden. Diese flexible und kosteng\u00fcnstige L\u00f6sung macht Ihre Reise stressfreier und sicherer. Jetzt eSIM buchen Warum eine eSIM f\u00fcr Kanada Reisende w\u00e4hlen? Ob Sie die [&hellip;]<\/p>\n","protected":false},"author":1,"featured_media":0,"parent":0,"menu_order":0,"comment_status":"closed","ping_status":"closed","template":"","meta":{"inline_featured_image":false,"footnotes":""},"class_list":["post-10951","page","type-page","status-publish","hentry"],"yoast_head":"<!-- This site is optimized with the Yoast SEO plugin v27.4 - https:\/\/yoast.com\/product\/yoast-seo-wordpress\/ -->\n<title>eSIM f\u00fcr Kanada Reisende - Bleiben Sie verbunden mit Amazing Holidays<\/title>\n<meta name=\"description\" content=\"Erleben Sie mit der eSIM f\u00fcr Kanada Reisende von Amazing Holidays eine stressfreie Verbindung w\u00e4hrend Ihrer Reise in Kanada.\" \/>\n<meta name=\"robots\" content=\"index, follow, max-snippet:-1, max-image-preview:large, max-video-preview:-1\" \/>\n<link rel=\"canonical\" href=\"https:\/\/amazingholidays.travel\/en_gb\/esim-fuer-kanada-reisende\/\" \/>\n<meta property=\"og:locale\" content=\"en_GB\" \/>\n<meta property=\"og:type\" content=\"article\" \/>\n<meta property=\"og:title\" content=\"eSIM f\u00fcr Kanada Reisende - Bleiben Sie verbunden mit Amazing Holidays\" \/>\n<meta property=\"og:description\" content=\"Erleben Sie mit der eSIM f\u00fcr Kanada Reisende von Amazing Holidays eine stressfreie Verbindung w\u00e4hrend Ihrer Reise in Kanada.\" \/>\n<meta property=\"og:url\" content=\"https:\/\/amazingholidays.travel\/en_gb\/esim-fuer-kanada-reisende\/\" \/>\n<meta property=\"og:site_name\" content=\"Amazing Holidays\" \/>\n<meta property=\"article:modified_time\" content=\"2024-09-20T23:00:45+00:00\" \/>\n<meta name=\"twitter:card\" content=\"summary_large_image\" \/>\n<script type=\"application\/ld+json\" class=\"yoast-schema-graph\">{\"@context\":\"https:\\\/\\\/schema.org\",\"@graph\":[{\"@type\":\"WebPage\",\"@id\":\"https:\\\/\\\/amazingholidays.travel\\\/esim-fuer-kanada-reisende\\\/\",\"url\":\"https:\\\/\\\/amazingholidays.travel\\\/esim-fuer-kanada-reisende\\\/\",\"name\":\"eSIM f\u00fcr Kanada Reisende - Bleiben Sie verbunden mit Amazing Holidays\",\"isPartOf\":{\"@id\":\"https:\\\/\\\/amazingholidays.travel\\\/#website\"},\"datePublished\":\"2024-09-20T22:59:17+00:00\",\"dateModified\":\"2024-09-20T23:00:45+00:00\",\"description\":\"Erleben Sie mit der eSIM f\u00fcr Kanada Reisende von Amazing Holidays eine stressfreie Verbindung w\u00e4hrend Ihrer Reise in Kanada.\",\"breadcrumb\":{\"@id\":\"https:\\\/\\\/amazingholidays.travel\\\/esim-fuer-kanada-reisende\\\/#breadcrumb\"},\"inLanguage\":\"en-GB\",\"potentialAction\":[{\"@type\":\"ReadAction\",\"target\":[\"https:\\\/\\\/amazingholidays.travel\\\/esim-fuer-kanada-reisende\\\/\"]}]},{\"@type\":\"BreadcrumbList\",\"@id\":\"https:\\\/\\\/amazingholidays.travel\\\/esim-fuer-kanada-reisende\\\/#breadcrumb\",\"itemListElement\":[{\"@type\":\"ListItem\",\"position\":1,\"name\":\"Startseite\",\"item\":\"https:\\\/\\\/amazingholidays.travel\\\/\"},{\"@type\":\"ListItem\",\"position\":2,\"name\":\"eSim f\u00fcr Canada Reisende\"}]},{\"@type\":\"WebSite\",\"@id\":\"https:\\\/\\\/amazingholidays.travel\\\/#website\",\"url\":\"https:\\\/\\\/amazingholidays.travel\\\/\",\"name\":\"Amazing Holidays\",\"description\":\"G\u00fcnstig Reisen &amp; Urlaub buchen\",\"publisher\":{\"@id\":\"https:\\\/\\\/amazingholidays.travel\\\/#organization\"},\"alternateName\":\"Amazing Holidays Germany\",\"potentialAction\":[{\"@type\":\"SearchAction\",\"target\":{\"@type\":\"EntryPoint\",\"urlTemplate\":\"https:\\\/\\\/amazingholidays.travel\\\/?s={search_term_string}\"},\"query-input\":{\"@type\":\"PropertyValueSpecification\",\"valueRequired\":true,\"valueName\":\"search_term_string\"}}],\"inLanguage\":\"en-GB\"},{\"@type\":\"Organization\",\"@id\":\"https:\\\/\\\/amazingholidays.travel\\\/#organization\",\"name\":\"Amazing Holidays powered by Imaginize\",\"alternateName\":\"Amazing Holidays Germany\",\"url\":\"https:\\\/\\\/amazingholidays.travel\\\/\",\"logo\":{\"@type\":\"ImageObject\",\"inLanguage\":\"en-GB\",\"@id\":\"https:\\\/\\\/amazingholidays.travel\\\/#\\\/schema\\\/logo\\\/image\\\/\",\"url\":\"https:\\\/\\\/amazingholidays.travel\\\/wp-content\\\/uploads\\\/2024\\\/08\\\/300x99xS-60.png\",\"contentUrl\":\"https:\\\/\\\/amazingholidays.travel\\\/wp-content\\\/uploads\\\/2024\\\/08\\\/300x99xS-60.png\",\"width\":301,\"height\":100,\"caption\":\"Amazing Holidays powered by Imaginize\"},\"image\":{\"@id\":\"https:\\\/\\\/amazingholidays.travel\\\/#\\\/schema\\\/logo\\\/image\\\/\"}}]}<\/script>\n<!-- \/ Yoast SEO plugin. -->","yoast_head_json":{"title":"eSIM f\u00fcr Kanada Reisende - Bleiben Sie verbunden mit Amazing Holidays","description":"Erleben Sie mit der eSIM f\u00fcr Kanada Reisende von Amazing Holidays eine stressfreie Verbindung w\u00e4hrend Ihrer Reise in Kanada.","robots":{"index":"index","follow":"follow","max-snippet":"max-snippet:-1","max-image-preview":"max-image-preview:large","max-video-preview":"max-video-preview:-1"},"canonical":"https:\/\/amazingholidays.travel\/en_gb\/esim-fuer-kanada-reisende\/","og_locale":"en_GB","og_type":"article","og_title":"eSIM f\u00fcr Kanada Reisende - Bleiben Sie verbunden mit Amazing Holidays","og_description":"Erleben Sie mit der eSIM f\u00fcr Kanada Reisende von Amazing Holidays eine stressfreie Verbindung w\u00e4hrend Ihrer Reise in Kanada.","og_url":"https:\/\/amazingholidays.travel\/en_gb\/esim-fuer-kanada-reisende\/","og_site_name":"Amazing Holidays","article_modified_time":"2024-09-20T23:00:45+00:00","twitter_card":"summary_large_image","schema":{"@context":"https:\/\/schema.org","@graph":[{"@type":"WebPage","@id":"https:\/\/amazingholidays.travel\/esim-fuer-kanada-reisende\/","url":"https:\/\/amazingholidays.travel\/esim-fuer-kanada-reisende\/","name":"eSIM f\u00fcr Kanada Reisende - Bleiben Sie verbunden mit Amazing Holidays","isPartOf":{"@id":"https:\/\/amazingholidays.travel\/#website"},"datePublished":"2024-09-20T22:59:17+00:00","dateModified":"2024-09-20T23:00:45+00:00","description":"Erleben Sie mit der eSIM f\u00fcr Kanada Reisende von Amazing Holidays eine stressfreie Verbindung w\u00e4hrend Ihrer Reise in Kanada.","breadcrumb":{"@id":"https:\/\/amazingholidays.travel\/esim-fuer-kanada-reisende\/#breadcrumb"},"inLanguage":"en-GB","potentialAction":[{"@type":"ReadAction","target":["https:\/\/amazingholidays.travel\/esim-fuer-kanada-reisende\/"]}]},{"@type":"BreadcrumbList","@id":"https:\/\/amazingholidays.travel\/esim-fuer-kanada-reisende\/#breadcrumb","itemListElement":[{"@type":"ListItem","position":1,"name":"Startseite","item":"https:\/\/amazingholidays.travel\/"},{"@type":"ListItem","position":2,"name":"eSim f\u00fcr Canada Reisende"}]},{"@type":"WebSite","@id":"https:\/\/amazingholidays.travel\/#website","url":"https:\/\/amazingholidays.travel\/","name":"Amazing Holidays","description":"G\u00fcnstig Reisen &amp; Urlaub buchen","publisher":{"@id":"https:\/\/amazingholidays.travel\/#organization"},"alternateName":"Amazing Holidays Germany","potentialAction":[{"@type":"SearchAction","target":{"@type":"EntryPoint","urlTemplate":"https:\/\/amazingholidays.travel\/?s={search_term_string}"},"query-input":{"@type":"PropertyValueSpecification","valueRequired":true,"valueName":"search_term_string"}}],"inLanguage":"en-GB"},{"@type":"Organization","@id":"https:\/\/amazingholidays.travel\/#organization","name":"Amazing Holidays powered by Imaginize","alternateName":"Amazing Holidays Germany","url":"https:\/\/amazingholidays.travel\/","logo":{"@type":"ImageObject","inLanguage":"en-GB","@id":"https:\/\/amazingholidays.travel\/#\/schema\/logo\/image\/","url":"https:\/\/amazingholidays.travel\/wp-content\/uploads\/2024\/08\/300x99xS-60.png","contentUrl":"https:\/\/amazingholidays.travel\/wp-content\/uploads\/2024\/08\/300x99xS-60.png","width":301,"height":100,"caption":"Amazing Holidays powered by Imaginize"},"image":{"@id":"https:\/\/amazingholidays.travel\/#\/schema\/logo\/image\/"}}]}},"_links":{"self":[{"href":"https:\/\/amazingholidays.travel\/en_gb\/wp-json\/wp\/v2\/pages\/10951","targetHints":{"allow":["GET"]}}],"collection":[{"href":"https:\/\/amazingholidays.travel\/en_gb\/wp-json\/wp\/v2\/pages"}],"about":[{"href":"https:\/\/amazingholidays.travel\/en_gb\/wp-json\/wp\/v2\/types\/page"}],"author":[{"embeddable":true,"href":"https:\/\/amazingholidays.travel\/en_gb\/wp-json\/wp\/v2\/users\/1"}],"replies":[{"embeddable":true,"href":"https:\/\/amazingholidays.travel\/en_gb\/wp-json\/wp\/v2\/comments?post=10951"}],"version-history":[{"count":3,"href":"https:\/\/amazingholidays.travel\/en_gb\/wp-json\/wp\/v2\/pages\/10951\/revisions"}],"predecessor-version":[{"id":10953,"href":"https:\/\/amazingholidays.travel\/en_gb\/wp-json\/wp\/v2\/pages\/10951\/revisions\/10953"}],"wp:attachment":[{"href":"https:\/\/amazingholidays.travel\/en_gb\/wp-json\/wp\/v2\/media?parent=10951"}],"curies":[{"name":"wp","href":"https:\/\/api.w.org\/{rel}","templated":true}]}}