{"id":2,"date":"2024-07-26T14:50:12","date_gmt":"2024-07-26T14:50:12","guid":{"rendered":"https:\/\/amazingholidays.travel\/?page_id=2"},"modified":"2025-07-15T13:52:42","modified_gmt":"2025-07-15T11:52:42","slug":"impressum","status":"publish","type":"page","link":"https:\/\/amazingholidays.travel\/en_gb\/impressum\/","title":{"rendered":"Impressum"},"content":{"rendered":"<div data-elementor-type=\"wp-page\" data-elementor-id=\"2\" class=\"elementor elementor-2\">\n\t\t\t\t<div class=\"elementor-element elementor-element-b8ae532 e-flex e-con-boxed e-con e-parent\" data-id=\"b8ae532\" data-element_type=\"container\" data-e-type=\"container\">\n\t\t\t\t\t<div class=\"e-con-inner\">\n\t\t<div class=\"elementor-element elementor-element-f74d685 e-con-full e-flex e-con e-child\" data-id=\"f74d685\" data-element_type=\"container\" data-e-type=\"container\">\n\t\t\t\t<div class=\"elementor-element elementor-element-d78603f elementor-widget elementor-widget-heading\" data-id=\"d78603f\" data-element_type=\"widget\" data-e-type=\"widget\" data-widget_type=\"heading.default\">\n\t\t\t\t\t<h2 class=\"elementor-heading-title elementor-size-default\">Impressum<\/h2>\t\t\t\t<\/div>\n\t\t\t\t<\/div>\n\t\t\t\t<div class=\"elementor-element elementor-element-67ed63c4 elementor-widget elementor-widget-text-editor\" data-id=\"67ed63c4\" data-element_type=\"widget\" data-e-type=\"widget\" data-widget_type=\"text-editor.default\">\n\t\t\t\t\t\t\t\t\tAmazing Holidays\npowered by imaginize\nInhaber: Muhammad Aleem Khan\n<h5><strong>Inhaltlich Verantwortlicher gem\u00e4\u00df \u00a7 5 TMG:<\/strong><\/h5>\n<h5>Muhammad Aleem Khan<\/h5>\nSitz der Gesellschaft:\nK\u00f6nigstr. 27, 70173 Stuttgart\n\nE-Mail: <a href=\"mailto:kontakt@imaginize.de\">klicke um uns ein E-Mail zu schreiben.<\/a>\n\nGerichtsstand: Stuttgart\n\nUmsatzsteuer ID: DE 362 129 346\n<h5><strong>Distanzierung<\/strong><\/h5>\nimaginize setzt sehr gro\u00dfe Anspr\u00fcche an unsere Partner bzw. bei der Auswahl externer Links. Dennoch k\u00f6nnen wir keine Verantwortung \u00fcbernehmen f\u00fcr fremde\u00a0Inhalte auf Seiten, die \u00fcber Links von dieser\u00a0Website erreicht werden. Inhalte auf Seiten, die \u00fcber Links von dieser Website erreicht werden, macht sich die Amazing Holidays nicht zu Eigen und \u00fcbernimmt keine Verantwortung.\n\nKontaktdaten der Beschwerde- und Schlichtungsstelle f\u00fcr Versicherungsvermittlungen:\nSollten Sie im Zusammenhang mit der Versicherungsvermittlung Anlass zur Beschwerde haben, so k\u00f6nnen Sie sich an diese au\u00dfergerichtliche Beschwerde- und Schlichtungsstelle (Ombudsmann) wenden:\n\nVersicherungsombudsmann e. V.,\nPostfach 080632, 10006 Berlin,\nTelefon: 0800 3696000, Fax: 0800 3699000\nE-Mail: <a href=\"mailto:beschwerde@versicherungsombudsmann.de\">beschwerde@versicherungsombudsmann.de\n<\/a>\nHomepage: <a href=\"http:\/\/www.versicherungsombudsmann.de\">www.versicherungsombudsmann.de\n\n<\/a>\n<h5><strong>Compliance<\/strong><\/h5>\nCompliance sch\u00fctzt das Unternehmen und seine Mitarbeitenden. Compliance bedeutet die Einhaltung von gesetzlichen Bestimmungen und unternehmensinternen Verhaltensstandards.\u00a0Compliance-Regelungen haben das Ziel,\u00a0die Mitarbeiter und das Unternehmen\u00a0vor Schaden zu bewahren. Sie bilden die Grundlage unseres t\u00e4glichen Handelns und gelten f\u00fcr alle Mitarbeitenden einschlie\u00dflich der F\u00fchrungskr\u00e4fte und Gesch\u00e4ftsf\u00fchrer.\n\nUnsere Mitarbeitenden werden kontinuierlich \u00fcber unsere Compliance-Regelungen informiert und auf Wunsch pers\u00f6nlich beraten. Hinweise von Mitarbeitenden oder Au\u00dfenstehenden auf m\u00f6gliches Fehlverhalten, eventuelle Gesetzesverst\u00f6\u00dfe oder Straftaten wie beispielsweise Korruption werden mit gro\u00dfer Sorgfalt \u00fcberpr\u00fcft und vertrauensvoll behandelt.\n<h5><strong>Gesch\u00e4ftsethik<\/strong><\/h5>\nBei imaginize sind wir bestrebt, stets ehrlich und integer zu handeln, die Rechte und die W\u00fcrde aller Menschen zu respektieren, gerechten und nachhaltigen Wohlstand zu schaffen, uns gegen alle Formen von Korruption und Ausbeutung zu stellen und die volle Verantwortung f\u00fcr unser Handeln zu \u00fcbernehmen. Indem wir diesen Grunds\u00e4tzen treu bleiben, hoffen wir, dass wir einen ehrenhaften Ruf und ein ruhiges Gewissen genie\u00dfen k\u00f6nnen.\t\t\t\t\t\t\t\t<\/div>\n\t\t\t\t\t<\/div>\n\t\t\t\t<\/div>\n\t\t\t\t<\/div>","protected":false},"excerpt":{"rendered":"<p>Impressum Amazing Holidays powered by imaginize Inhaber: Muhammad Aleem Khan Inhaltlich Verantwortlicher gem\u00e4\u00df \u00a7 5 TMG: Muhammad Aleem Khan Sitz der Gesellschaft: K\u00f6nigstr. 27, 70173 Stuttgart E-Mail: klicke um uns ein E-Mail zu schreiben. Gerichtsstand: Stuttgart Umsatzsteuer ID: DE 362 129 346 Distanzierung imaginize setzt sehr gro\u00dfe Anspr\u00fcche an unsere Partner bzw. bei der Auswahl [&hellip;]<\/p>\n","protected":false},"author":1,"featured_media":0,"parent":0,"menu_order":0,"comment_status":"closed","ping_status":"open","template":"","meta":{"inline_featured_image":false,"footnotes":""},"class_list":["post-2","page","type-page","status-publish","hentry"],"yoast_head":"<!-- This site is optimized with the Yoast SEO plugin v27.4 - https:\/\/yoast.com\/product\/yoast-seo-wordpress\/ -->\n<title>Impressum | Amazing Holidays<\/title>\n<meta name=\"description\" content=\"Amazing Holidays (powered by imaginize). Sitz der Gesellschaft: Hildrizhauser Stra\u00dfe 50\/2, 71139 Ehningen. Gerichtsstand: B\u00f6blingen Umsatzsteuer ID: DE 362 129 346\" \/>\n<meta name=\"robots\" content=\"index, follow, max-snippet:-1, max-image-preview:large, max-video-preview:-1\" \/>\n<link rel=\"canonical\" href=\"https:\/\/amazingholidays.travel\/en_gb\/impressum\/\" \/>\n<meta property=\"og:locale\" content=\"en_GB\" \/>\n<meta property=\"og:type\" content=\"article\" \/>\n<meta property=\"og:title\" content=\"Impressum | Amazing Holidays\" \/>\n<meta property=\"og:description\" content=\"Amazing Holidays (powered by imaginize). Sitz der Gesellschaft: Hildrizhauser Stra\u00dfe 50\/2, 71139 Ehningen. Gerichtsstand: B\u00f6blingen Umsatzsteuer ID: DE 362 129 346\" \/>\n<meta property=\"og:url\" content=\"https:\/\/amazingholidays.travel\/en_gb\/impressum\/\" \/>\n<meta property=\"og:site_name\" content=\"Amazing Holidays\" \/>\n<meta property=\"article:modified_time\" content=\"2025-07-15T11:52:42+00:00\" \/>\n<meta name=\"twitter:card\" content=\"summary_large_image\" \/>\n<meta name=\"twitter:label1\" content=\"Estimated reading time\" \/>\n\t<meta name=\"twitter:data1\" content=\"2 minutes\" \/>\n<script type=\"application\/ld+json\" class=\"yoast-schema-graph\">{\"@context\":\"https:\\\/\\\/schema.org\",\"@graph\":[{\"@type\":\"WebPage\",\"@id\":\"https:\\\/\\\/amazingholidays.travel\\\/impressum\\\/\",\"url\":\"https:\\\/\\\/amazingholidays.travel\\\/impressum\\\/\",\"name\":\"Impressum | Amazing Holidays\",\"isPartOf\":{\"@id\":\"https:\\\/\\\/amazingholidays.travel\\\/#website\"},\"datePublished\":\"2024-07-26T14:50:12+00:00\",\"dateModified\":\"2025-07-15T11:52:42+00:00\",\"description\":\"Amazing Holidays (powered by imaginize). Sitz der Gesellschaft: Hildrizhauser Stra\u00dfe 50\\\/2, 71139 Ehningen. Gerichtsstand: B\u00f6blingen Umsatzsteuer ID: DE 362 129 346\",\"breadcrumb\":{\"@id\":\"https:\\\/\\\/amazingholidays.travel\\\/impressum\\\/#breadcrumb\"},\"inLanguage\":\"en-GB\",\"potentialAction\":[{\"@type\":\"ReadAction\",\"target\":[\"https:\\\/\\\/amazingholidays.travel\\\/impressum\\\/\"]}]},{\"@type\":\"BreadcrumbList\",\"@id\":\"https:\\\/\\\/amazingholidays.travel\\\/impressum\\\/#breadcrumb\",\"itemListElement\":[{\"@type\":\"ListItem\",\"position\":1,\"name\":\"Startseite\",\"item\":\"https:\\\/\\\/amazingholidays.travel\\\/\"},{\"@type\":\"ListItem\",\"position\":2,\"name\":\"Impressum\"}]},{\"@type\":\"WebSite\",\"@id\":\"https:\\\/\\\/amazingholidays.travel\\\/#website\",\"url\":\"https:\\\/\\\/amazingholidays.travel\\\/\",\"name\":\"Amazing Holidays\",\"description\":\"G\u00fcnstig Reisen &amp; Urlaub buchen\",\"publisher\":{\"@id\":\"https:\\\/\\\/amazingholidays.travel\\\/#organization\"},\"alternateName\":\"Amazing Holidays Germany\",\"potentialAction\":[{\"@type\":\"SearchAction\",\"target\":{\"@type\":\"EntryPoint\",\"urlTemplate\":\"https:\\\/\\\/amazingholidays.travel\\\/?s={search_term_string}\"},\"query-input\":{\"@type\":\"PropertyValueSpecification\",\"valueRequired\":true,\"valueName\":\"search_term_string\"}}],\"inLanguage\":\"en-GB\"},{\"@type\":\"Organization\",\"@id\":\"https:\\\/\\\/amazingholidays.travel\\\/#organization\",\"name\":\"Amazing Holidays powered by Imaginize\",\"alternateName\":\"Amazing Holidays Germany\",\"url\":\"https:\\\/\\\/amazingholidays.travel\\\/\",\"logo\":{\"@type\":\"ImageObject\",\"inLanguage\":\"en-GB\",\"@id\":\"https:\\\/\\\/amazingholidays.travel\\\/#\\\/schema\\\/logo\\\/image\\\/\",\"url\":\"https:\\\/\\\/amazingholidays.travel\\\/wp-content\\\/uploads\\\/2024\\\/08\\\/300x99xS-60.png\",\"contentUrl\":\"https:\\\/\\\/amazingholidays.travel\\\/wp-content\\\/uploads\\\/2024\\\/08\\\/300x99xS-60.png\",\"width\":301,\"height\":100,\"caption\":\"Amazing Holidays powered by Imaginize\"},\"image\":{\"@id\":\"https:\\\/\\\/amazingholidays.travel\\\/#\\\/schema\\\/logo\\\/image\\\/\"}}]}<\/script>\n<!-- \/ Yoast SEO plugin. -->","yoast_head_json":{"title":"Impressum | Amazing Holidays","description":"Amazing Holidays (powered by imaginize). Sitz der Gesellschaft: Hildrizhauser Stra\u00dfe 50\/2, 71139 Ehningen. Gerichtsstand: B\u00f6blingen Umsatzsteuer ID: DE 362 129 346","robots":{"index":"index","follow":"follow","max-snippet":"max-snippet:-1","max-image-preview":"max-image-preview:large","max-video-preview":"max-video-preview:-1"},"canonical":"https:\/\/amazingholidays.travel\/en_gb\/impressum\/","og_locale":"en_GB","og_type":"article","og_title":"Impressum | Amazing Holidays","og_description":"Amazing Holidays (powered by imaginize). Sitz der Gesellschaft: Hildrizhauser Stra\u00dfe 50\/2, 71139 Ehningen. Gerichtsstand: B\u00f6blingen Umsatzsteuer ID: DE 362 129 346","og_url":"https:\/\/amazingholidays.travel\/en_gb\/impressum\/","og_site_name":"Amazing Holidays","article_modified_time":"2025-07-15T11:52:42+00:00","twitter_card":"summary_large_image","twitter_misc":{"Estimated reading time":"2 minutes"},"schema":{"@context":"https:\/\/schema.org","@graph":[{"@type":"WebPage","@id":"https:\/\/amazingholidays.travel\/impressum\/","url":"https:\/\/amazingholidays.travel\/impressum\/","name":"Impressum | Amazing Holidays","isPartOf":{"@id":"https:\/\/amazingholidays.travel\/#website"},"datePublished":"2024-07-26T14:50:12+00:00","dateModified":"2025-07-15T11:52:42+00:00","description":"Amazing Holidays (powered by imaginize). Sitz der Gesellschaft: Hildrizhauser Stra\u00dfe 50\/2, 71139 Ehningen. Gerichtsstand: B\u00f6blingen Umsatzsteuer ID: DE 362 129 346","breadcrumb":{"@id":"https:\/\/amazingholidays.travel\/impressum\/#breadcrumb"},"inLanguage":"en-GB","potentialAction":[{"@type":"ReadAction","target":["https:\/\/amazingholidays.travel\/impressum\/"]}]},{"@type":"BreadcrumbList","@id":"https:\/\/amazingholidays.travel\/impressum\/#breadcrumb","itemListElement":[{"@type":"ListItem","position":1,"name":"Startseite","item":"https:\/\/amazingholidays.travel\/"},{"@type":"ListItem","position":2,"name":"Impressum"}]},{"@type":"WebSite","@id":"https:\/\/amazingholidays.travel\/#website","url":"https:\/\/amazingholidays.travel\/","name":"Amazing Holidays","description":"G\u00fcnstig Reisen &amp; Urlaub buchen","publisher":{"@id":"https:\/\/amazingholidays.travel\/#organization"},"alternateName":"Amazing Holidays Germany","potentialAction":[{"@type":"SearchAction","target":{"@type":"EntryPoint","urlTemplate":"https:\/\/amazingholidays.travel\/?s={search_term_string}"},"query-input":{"@type":"PropertyValueSpecification","valueRequired":true,"valueName":"search_term_string"}}],"inLanguage":"en-GB"},{"@type":"Organization","@id":"https:\/\/amazingholidays.travel\/#organization","name":"Amazing Holidays powered by Imaginize","alternateName":"Amazing Holidays Germany","url":"https:\/\/amazingholidays.travel\/","logo":{"@type":"ImageObject","inLanguage":"en-GB","@id":"https:\/\/amazingholidays.travel\/#\/schema\/logo\/image\/","url":"https:\/\/amazingholidays.travel\/wp-content\/uploads\/2024\/08\/300x99xS-60.png","contentUrl":"https:\/\/amazingholidays.travel\/wp-content\/uploads\/2024\/08\/300x99xS-60.png","width":301,"height":100,"caption":"Amazing Holidays powered by Imaginize"},"image":{"@id":"https:\/\/amazingholidays.travel\/#\/schema\/logo\/image\/"}}]}},"_links":{"self":[{"href":"https:\/\/amazingholidays.travel\/en_gb\/wp-json\/wp\/v2\/pages\/2","targetHints":{"allow":["GET"]}}],"collection":[{"href":"https:\/\/amazingholidays.travel\/en_gb\/wp-json\/wp\/v2\/pages"}],"about":[{"href":"https:\/\/amazingholidays.travel\/en_gb\/wp-json\/wp\/v2\/types\/page"}],"author":[{"embeddable":true,"href":"https:\/\/amazingholidays.travel\/en_gb\/wp-json\/wp\/v2\/users\/1"}],"replies":[{"embeddable":true,"href":"https:\/\/amazingholidays.travel\/en_gb\/wp-json\/wp\/v2\/comments?post=2"}],"version-history":[{"count":21,"href":"https:\/\/amazingholidays.travel\/en_gb\/wp-json\/wp\/v2\/pages\/2\/revisions"}],"predecessor-version":[{"id":14142,"href":"https:\/\/amazingholidays.travel\/en_gb\/wp-json\/wp\/v2\/pages\/2\/revisions\/14142"}],"wp:attachment":[{"href":"https:\/\/amazingholidays.travel\/en_gb\/wp-json\/wp\/v2\/media?parent=2"}],"curies":[{"name":"wp","href":"https:\/\/api.w.org\/{rel}","templated":true}]}}