{"id":8912,"date":"2023-07-21T10:28:14","date_gmt":"2023-07-21T08:28:14","guid":{"rendered":"https:\/\/amazingholidays.travel\/kreuzfahrten-2"},"modified":"2024-10-05T01:02:40","modified_gmt":"2024-10-04T23:02:40","slug":"kreuzfahrten-und-schiffsreisen","status":"publish","type":"page","link":"https:\/\/amazingholidays.travel\/en_gb\/kreuzfahrten-und-schiffsreisen\/","title":{"rendered":"IBE Kreuzfahrten &#038; Schiffsreisen"},"content":{"rendered":"<div data-elementor-type=\"wp-page\" data-elementor-id=\"8912\" class=\"elementor elementor-8912\">\n\t\t\t\t<div class=\"elementor-element elementor-element-d8ed3c9 e-con-full e-flex e-con e-parent\" data-id=\"d8ed3c9\" data-element_type=\"container\" data-e-type=\"container\" data-settings=\"{&quot;background_background&quot;:&quot;classic&quot;}\">\n\t\t\t\t<div class=\"elementor-element elementor-element-6373c92 elementor-widget elementor-widget-html\" data-id=\"6373c92\" data-element_type=\"widget\" data-e-type=\"widget\" data-widget_type=\"html.default\">\n\t\t\t\t\t<iframe id=\"CPIFrame\" onload=\"window.scrollTo(0,0);\" src=\"https:\/\/www.cruiseportal.de\/modul\/welcome?ref=imaginize\" height=\"2000\" frameborder=\"0\" style=\"width: 100%;\"><\/iframe>\t\t\t\t<\/div>\n\t\t\t\t<\/div>\n\t\t<div class=\"elementor-element elementor-element-58bcb19 e-flex e-con-boxed e-con e-parent\" data-id=\"58bcb19\" data-element_type=\"container\" data-e-type=\"container\">\n\t\t\t\t\t<div class=\"e-con-inner\">\n\t\t\t\t<div class=\"elementor-element elementor-element-77cf978 elementor-widget elementor-widget-html\" data-id=\"77cf978\" data-element_type=\"widget\" data-e-type=\"widget\" data-widget_type=\"html.default\">\n\t\t\t\t\t<!DOCTYPE html>\r\n<html lang=\"de\">\r\n<head>\r\n    <meta charset=\"UTF-8\">\r\n    <meta name=\"viewport\" content=\"width=device-width, initial-scale=1.0\">\r\n    <title>Kreuzfahrten: Ihr Traumurlaub auf dem Wasser<\/title>\r\n    <meta name=\"description\" content=\"Entdecken Sie die besten Kreuzfahrten und Schiffsreisen f\u00fcr Ihren Traumurlaub auf dem Wasser. Erfahren Sie mehr \u00fcber die besten Reedereien und Destinationen.\">\r\n    <meta property=\"og:title\" content=\"Kreuzfahrten: Ihr Traumurlaub auf dem Wasser\">\r\n    <meta property=\"og:description\" content=\"Entdecken Sie die besten Kreuzfahrten und Schiffsreisen f\u00fcr Ihren Traumurlaub auf dem Wasser. Erfahren Sie mehr \u00fcber die besten Reedereien und Destinationen.\">\r\n    <meta property=\"og:image\" content=\"https:\/\/amazingholidays.travel\/wp-content\/uploads\/2024\/08\/alonso-reyes-haZNHEV2WXQ-unsplash-scaled.jpg\">\r\n    <meta property=\"og:url\" content=\"https:\/\/amazingholidays.travel\/kreuzfahrten-und-schiffsreisen\/\">\r\n    <meta property=\"og:type\" content=\"website\">\r\n\r\n<\/head>\r\n<body data-rsssl=1 data-rsssl=\"1\">\r\n    <h1 style=\"color: #002248;\">Kreuzfahrten f\u00fcr Ihren Traumurlaub<\/h1> <h2>Kreuzfahrten & Schiffsreisen erleber<\/h2>\r\n    <p style=\"color: #333333;\">Erleben Sie die Faszination von Kreuzfahrten: Das grenzenlose Meer, exklusive Reiseziele und Luxus pur an Bord. Mit einer Kreuzfahrt genie\u00dfen Sie die perfekte Mischung aus Entspannung und Abenteuer. Von den majest\u00e4tischen Fjorden Norwegens bis zu den sonnenverw\u00f6hnten Str\u00e4nden der Karibik \u2013 jede Schiffsreise bringt Sie an einzigartige Orte. Entdecken Sie bei uns die besten Kreuzfahrtangebote, ideal f\u00fcr Familien, Paare und Alleinreisende.<\/p>\r\n\r\n    <h2 style=\"color: #3685FB;\">Warum eine Kreuzfahrt?<\/h2>\r\n    <ul style=\"color: #333333;\">\r\n        <li><strong style=\"color: #002248;\">Vielfalt der Reiseziele:<\/strong> Kreuzfahrten bieten Zugang zu den sch\u00f6nsten Reisezielen der Welt. Sie k\u00f6nnen t\u00e4glich eine neue Stadt entdecken, ohne Ihren Koffer immer wieder packen zu m\u00fcssen.<\/li>\r\n        <li><strong style=\"color: #002248;\">Luxuri\u00f6se Annehmlichkeiten an Bord:<\/strong> Genie\u00dfen Sie hochklassige Kabinen, erstklassige Gastronomie und aufregende Freizeitaktivit\u00e4ten \u2013 alles an einem Ort.<\/li>\r\n        <li><strong style=\"color: #002248;\">Flexible Reisepl\u00e4ne:<\/strong> Ob Kurztrips oder Weltreisen \u2013 Kreuzfahrten passen sich an Ihre Bed\u00fcrfnisse an.<\/li>\r\n    <\/ul>\r\n\r\n    <h2 style=\"color: #3685FB;\">Die beliebtesten Kreuzfahrtziele<\/h2>\r\n    <p style=\"color: #333333;\">Jede Kreuzfahrt ist ein Erlebnis. Hier sind einige der beliebtesten Routen, die wir anbieten:<\/p>\r\n\r\n    <h3 style=\"color: #002248;\">Mittelmeerkreuzfahrten<\/h3>\r\n    <p style=\"color: #333333;\">Das Mittelmeer ist eines der beliebtesten Ziele f\u00fcr Kreuzfahrer. Genie\u00dfen Sie das mediterrane Klima und entdecken Sie St\u00e4dte wie Barcelona, Rom und Athen \u2013 eine perfekte Mischung aus Kultur und Erholung.<\/p>\r\n\r\n    <h3 style=\"color: #002248;\">Karibikkreuzfahrten<\/h3>\r\n    <p style=\"color: #333333;\">Wei\u00dfe Sandstr\u00e4nde, t\u00fcrkisfarbenes Wasser und tropische Temperaturen \u2013 die Karibik ist das Traumziel vieler Reisender. Besuchen Sie exotische Inseln wie die Bahamas, Jamaika oder die Dominikanische Republik.<\/p>\r\n\r\n    <h3 style=\"color: #002248;\">Norwegenkreuzfahrten<\/h3>\r\n    <p style=\"color: #333333;\">Erleben Sie die imposanten Fjorde Norwegens und die faszinierende Landschaft des Nordens. Auf einer Kreuzfahrt nach Norwegen k\u00f6nnen Sie die Sch\u00f6nheit der Natur in ihrer reinsten Form entdecken.<\/p>\r\n\r\n    <h3 style=\"color: #002248;\">Asienkreuzfahrten<\/h3>\r\n    <p style=\"color: #333333;\">Tropische Temperaturen, exotische M\u00e4rkte und antike Tempel \u2013 Asien bietet eine einzigartige Mischung aus Kultur und Abenteuer. Besuchen Sie St\u00e4dte wie Bangkok, Singapur oder Hongkong auf Ihrer n\u00e4chsten Schiffsreise.<\/p>\r\n\r\n    <h3 style=\"color: #002248;\">Ostseekreuzfahrten<\/h3>\r\n    <p style=\"color: #333333;\">Entdecken Sie die Sch\u00f6nheit der Ostsee mit ihren charmanten K\u00fcstenst\u00e4dten und historischen Sehensw\u00fcrdigkeiten. Von Schweden bis Russland \u2013 diese Route bietet kulturelle Vielfalt und unvergessliche Eindr\u00fccke.<\/p>\r\n\r\n    <h2 style=\"color: #3685FB;\">H\u00e4ufig gestellte Fragen (FAQs)<\/h2>\r\n\r\n    <h3 style=\"color: #002248;\">Was sind die beliebtesten Kreuzfahrtziele?<\/h3>\r\n    <p style=\"color: #333333;\">Zu den beliebtesten Kreuzfahrtzielen geh\u00f6ren das Mittelmeer, die Karibik, Nordeuropa, Asien und die Ostsee.<\/p>\r\n\r\n    <h3 style=\"color: #002248;\">Welche Sprachen werden an Bord gesprochen?<\/h3>\r\n    <p style=\"color: #333333;\">Auf den meisten Kreuzfahrtschiffen wird Deutsch und Englisch gesprochen. Einige Reedereien bieten auch andere Sprachen, abh\u00e4ngig von den Zielregionen.<\/p>\r\n\r\n    <h3 style=\"color: #002248;\">Wie buche ich einen Flug zu meiner Kreuzfahrt?<\/h3>\r\n    <p style=\"color: #333333;\">Viele Kreuzfahrtgesellschaften bieten spezielle Fly-Cruise-Pakete an, bei denen Flug und Kreuzfahrt zusammen gebucht werden k\u00f6nnen. Alternativ k\u00f6nnen Sie auch Ihren eigenen Flug separat buchen.<\/p>\r\n\r\n    <h3 style=\"color: #002248;\">Wie kann ich eine Kreuzfahrt buchen?<\/h3>\r\n    <p style=\"color: #333333;\">Sie k\u00f6nnen Ihre Kreuzfahrt einfach online \u00fcber unsere Website buchen oder uns direkt kontaktieren, um pers\u00f6nliche Beratung zu erhalten.<\/p>\r\n\r\n    <h3 style=\"color: #002248;\">Welche Kosten kommen bei einer Kreuzfahrt auf mich zu, ist eine Kreuzfahrt teuer?<\/h3>\r\n    <p style=\"color: #333333;\">Die Kosten variieren je nach Reederei, Route und Kabinentyp. Neben dem Basispreis f\u00fcr die Kreuzfahrt sollten Sie eventuelle Zusatzkosten f\u00fcr Ausfl\u00fcge, Getr\u00e4nke und Wellness-Angebote einkalkulieren.<\/p>\r\n\r\n    <h3 style=\"color: #002248;\">Wenn ich seekrank werde, was passiert dann?<\/h3>\r\n    <p style=\"color: #333333;\">Moderne Kreuzfahrtschiffe sind mit Stabilisatoren ausgestattet, die die Bewegungen des Schiffes minimieren. Es gibt auch Medikamente und Tipps an Bord, um Seekrankheit vorzubeugen.<\/p>\r\n\r\n    <h3 style=\"color: #002248;\">Welche Kabine ist f\u00fcr mich am besten geeignet?<\/h3>\r\n    <p style=\"color: #333333;\">Das h\u00e4ngt von Ihren pers\u00f6nlichen Vorlieben ab. Innenkabinen sind oft g\u00fcnstiger, w\u00e4hrend Au\u00dfen- oder Balkonkabinen mehr Komfort und Ausblick bieten. Luxus-Suiten bieten zus\u00e4tzlichen Raum und Service.<\/p>\r\n\r\n    <h3 style=\"color: #002248;\">Welchen Dresscode gibt es auf einer Kreuzfahrt, was soll ich an Kleidung einpacken?<\/h3>\r\n    <p style=\"color: #333333;\">Der Dresscode variiert je nach Reederei. Auf manchen Schiffen gibt es formelle Abende, bei denen elegante Kleidung erw\u00fcnscht ist. Informieren Sie sich am besten im Voraus \u00fcber die Kleiderordnung.<\/p>\r\n\r\n    <h3 style=\"color: #002248;\">Welches Schiff passt zu mir?<\/h3>\r\n    <p style=\"color: #333333;\">Die Wahl des richtigen Schiffs h\u00e4ngt von Ihren Vorlieben ab. Familien bevorzugen oft Schiffe mit gro\u00dfem Freizeitangebot, w\u00e4hrend Paare oder Alleinreisende die Ruhe und den Luxus kleinerer Schiffe sch\u00e4tzen.<\/p>\r\n\r\n    <h2 style=\"color: #002248;\">Kreuzfahrten und Schiffsreisen<\/h2>\r\n    <p style=\"color: #333333;\">Sie lieben das Abenteuer? Und wollten schon immer die lauen N\u00e4chte in der Karibik genie\u00dfen, am besten auf einer Rundreise? Als langj\u00e4hrige Kreuzfahrtberater haben wir schon viele der traumhaften Routen selbst getestet und stellen gerne Ihren individuellen Traumurlaub zusammen.<\/p>\r\n\r\n    <h2 style=\"color: #3685FB;\">Die wichtigsten Reedereien<\/h2>\r\n    <p style=\"color: #333333;\">Kreuzfahrtschiffe sind so individuell wie die Menschen, die auf ihnen reisen. Ob Sie bei der Planung Ihrer Schiffsreise nun an rauschende Feste denken, etwa auf einem AIDA Clubschiff, das mediterrane Ambiente auf einem Schiff der MSC Kreuzfahrten genie\u00dfen m\u00f6chten, oder sich f\u00fcr eine Abenteuer-Kreuzfahrt mit einem Schiff der Royal-Caribbean-Reederei entscheiden: F\u00fcr jeden Urlauber gibt es das passende Schiff.<\/p>\r\n\r\n    <h3 style=\"color: #3685FB;\">AIDA Cruises<\/h3>\r\n    <p style=\"color: #333333;\">Mit dem sympathischen Kussmund unterwegs: AIDA bietet auf ihren Clubschiffen individuelle Kreuzfahrten f\u00fcr Aktive. Auf den Kreuzfahrtschiffen der AIDA-Flotte herrscht eine legere und ungezwungene Atmosph\u00e4re, in der sich Familien mit Kindern genauso wohlf\u00fchlen wie Alleinreisende. F\u00fcr jeden ist etwas dabei: gro\u00dfz\u00fcgige Wellness- und Sportangebote oder verschiedene kulinarische M\u00f6glichkeiten. Zu den Destinationen geh\u00f6ren die Kanaren, Nordeuropa, S\u00fcdostasien oder Nordamerika.<\/p>\r\n\r\n    <h3 style=\"color: #3685FB;\">MSC Kreuzfahrten<\/h3>\r\n    <p style=\"color: #333333;\">Ob MSC Meraviglia, Orchestra oder Fantasia: Die Kreuzfahrten mit MSC bieten elegante Schiffe mit einer stilvollen Atmosph\u00e4re. Auf den Routen genie\u00dfen Sie erstklassigen Service und eine Vielzahl an Restaurants. Dank des vielf\u00e4ltigen Unterhaltungsprogramms kommen auch Familien mit Kindern auf ihre Kosten. MSC f\u00e4hrt zu den sch\u00f6nsten Zielen des Mittelmeers und der Karibik.<\/p>\r\n\r\n    <h3 style=\"color: #3685FB;\">Costa Kreuzfahrten<\/h3>\r\n    <p style=\"color: #333333;\">Die Schiffe von Costa Cruises bestechen durch italienisches Flair und laden zu genussvollen Schiffsreisen ein. Genie\u00dfen Sie die italienische K\u00fcche an Bord und entspannen Sie bei einem Wellnessurlaub im Spa. Costa Kreuzfahrten bieten viele verschiedene Routen, sowohl im Mittelmeer als auch im Karibischen Meer.<\/p>\r\n\r\n    <h3 style=\"color: #3685FB;\">Royal Caribbean<\/h3>\r\n    <p style=\"color: #333333;\">F\u00fcr Abenteuerlustige und junge Reisende sind die Schiffe von Royal Caribbean wie geschaffen. Die Mega-Schiffe bieten ein unvergleichliches Freizeitangebot mit Wasserrutschen, Kletterw\u00e4nden und vielen Sportm\u00f6glichkeiten. Auch f\u00fcr Familien gibt es eine gro\u00dfe Auswahl an Aktivit\u00e4ten und Unterhaltung. Royal Caribbean bietet Reisen in die Karibik, nach Alaska und Asien.<\/p>\r\n\r\n    <h2 style=\"color: #3685FB;\">Buchen Sie Ihre Kreuzfahrt noch heute!<\/h2>\r\n    <p style=\"color: #333333;\">Verpassen Sie nicht die Gelegenheit, Ihren Traumurlaub auf dem Wasser zu erleben. Buchen Sie noch heute Ihre Kreuzfahrt und genie\u00dfen Sie unvergessliche Erlebnisse!<\/p>\r\n\r\n    <footer style=\"background-color: #002248; color: #F5F8FF; text-align: center; padding: 10px;\">\r\n        <p>&copy; 2024 Amazing Holidays. Alle Rechte vorbehalten.<\/p>\r\n    <\/footer>\r\n<\/body>\r\n<\/html>\r\n\t\t\t\t<\/div>\n\t\t\t\t\t<\/div>\n\t\t\t\t<\/div>\n\t\t\t\t<\/div>","protected":false},"excerpt":{"rendered":"<p>Kreuzfahrten: Ihr Traumurlaub auf dem Wasser Kreuzfahrten f\u00fcr Ihren Traumurlaub Kreuzfahrten &#038; Schiffsreisen erleber Erleben Sie die Faszination von Kreuzfahrten: Das grenzenlose Meer, exklusive Reiseziele und Luxus pur an Bord. Mit einer Kreuzfahrt genie\u00dfen Sie die perfekte Mischung aus Entspannung und Abenteuer. Von den majest\u00e4tischen Fjorden Norwegens bis zu den sonnenverw\u00f6hnten Str\u00e4nden der Karibik \u2013 [&hellip;]<\/p>\n","protected":false},"author":1,"featured_media":0,"parent":0,"menu_order":0,"comment_status":"closed","ping_status":"closed","template":"","meta":{"inline_featured_image":false,"footnotes":""},"class_list":["post-8912","page","type-page","status-publish","hentry"],"yoast_head":"<!-- This site is optimized with the Yoast SEO plugin v27.4 - https:\/\/yoast.com\/product\/yoast-seo-wordpress\/ -->\n<title>Kreuzfahrten: Traumhafte Schiffsreisen \u2013 Jetzt buchen! | Amazing Holidays<\/title>\n<meta name=\"description\" content=\"Buchen Sie traumhafte Kreuzfahrten online bei AmazingHolidays.Travel! Entdecken Sie die besten Angebote f\u00fcr AIDA, MSC, Costa und mehr. Planen Sie Ihre perfekte Kreuzfahrt mit unserem Experten-Team.\" \/>\n<meta name=\"robots\" content=\"index, follow, max-snippet:-1, max-image-preview:large, max-video-preview:-1\" \/>\n<link rel=\"canonical\" href=\"https:\/\/amazingholidays.travel\/en_gb\/kreuzfahrten-und-schiffsreisen\/\" \/>\n<meta property=\"og:locale\" content=\"en_GB\" \/>\n<meta property=\"og:type\" content=\"article\" \/>\n<meta property=\"og:title\" content=\"Kreuzfahrten: Traumhafte Schiffsreisen \u2013 Jetzt buchen! | Amazing Holidays\" \/>\n<meta property=\"og:description\" content=\"Buchen Sie traumhafte Kreuzfahrten online bei AmazingHolidays.Travel! Entdecken Sie die besten Angebote f\u00fcr AIDA, MSC, Costa und mehr. Planen Sie Ihre perfekte Kreuzfahrt mit unserem Experten-Team.\" \/>\n<meta property=\"og:url\" content=\"https:\/\/amazingholidays.travel\/en_gb\/kreuzfahrten-und-schiffsreisen\/\" \/>\n<meta property=\"og:site_name\" content=\"Amazing Holidays\" \/>\n<meta property=\"article:modified_time\" content=\"2024-10-04T23:02:40+00:00\" \/>\n<meta name=\"twitter:card\" content=\"summary_large_image\" \/>\n<meta name=\"twitter:label1\" content=\"Estimated reading time\" \/>\n\t<meta name=\"twitter:data1\" content=\"6 minutes\" \/>\n<script type=\"application\/ld+json\" class=\"yoast-schema-graph\">{\"@context\":\"https:\\\/\\\/schema.org\",\"@graph\":[{\"@type\":\"WebPage\",\"@id\":\"https:\\\/\\\/amazingholidays.travel\\\/kreuzfahrten-und-schiffsreisen\\\/\",\"url\":\"https:\\\/\\\/amazingholidays.travel\\\/kreuzfahrten-und-schiffsreisen\\\/\",\"name\":\"Kreuzfahrten: Traumhafte Schiffsreisen \u2013 Jetzt buchen! | Amazing Holidays\",\"isPartOf\":{\"@id\":\"https:\\\/\\\/amazingholidays.travel\\\/#website\"},\"datePublished\":\"2023-07-21T08:28:14+00:00\",\"dateModified\":\"2024-10-04T23:02:40+00:00\",\"description\":\"Buchen Sie traumhafte Kreuzfahrten online bei AmazingHolidays.Travel! Entdecken Sie die besten Angebote f\u00fcr AIDA, MSC, Costa und mehr. Planen Sie Ihre perfekte Kreuzfahrt mit unserem Experten-Team.\",\"breadcrumb\":{\"@id\":\"https:\\\/\\\/amazingholidays.travel\\\/kreuzfahrten-und-schiffsreisen\\\/#breadcrumb\"},\"inLanguage\":\"en-GB\",\"potentialAction\":[{\"@type\":\"ReadAction\",\"target\":[\"https:\\\/\\\/amazingholidays.travel\\\/kreuzfahrten-und-schiffsreisen\\\/\"]}]},{\"@type\":\"BreadcrumbList\",\"@id\":\"https:\\\/\\\/amazingholidays.travel\\\/kreuzfahrten-und-schiffsreisen\\\/#breadcrumb\",\"itemListElement\":[{\"@type\":\"ListItem\",\"position\":1,\"name\":\"Startseite\",\"item\":\"https:\\\/\\\/amazingholidays.travel\\\/\"},{\"@type\":\"ListItem\",\"position\":2,\"name\":\"IBE Kreuzfahrten &#038; Schiffsreisen\"}]},{\"@type\":\"WebSite\",\"@id\":\"https:\\\/\\\/amazingholidays.travel\\\/#website\",\"url\":\"https:\\\/\\\/amazingholidays.travel\\\/\",\"name\":\"Amazing Holidays\",\"description\":\"G\u00fcnstig Reisen &amp; Urlaub buchen\",\"publisher\":{\"@id\":\"https:\\\/\\\/amazingholidays.travel\\\/#organization\"},\"alternateName\":\"Amazing Holidays Germany\",\"potentialAction\":[{\"@type\":\"SearchAction\",\"target\":{\"@type\":\"EntryPoint\",\"urlTemplate\":\"https:\\\/\\\/amazingholidays.travel\\\/?s={search_term_string}\"},\"query-input\":{\"@type\":\"PropertyValueSpecification\",\"valueRequired\":true,\"valueName\":\"search_term_string\"}}],\"inLanguage\":\"en-GB\"},{\"@type\":\"Organization\",\"@id\":\"https:\\\/\\\/amazingholidays.travel\\\/#organization\",\"name\":\"Amazing Holidays powered by Imaginize\",\"alternateName\":\"Amazing Holidays Germany\",\"url\":\"https:\\\/\\\/amazingholidays.travel\\\/\",\"logo\":{\"@type\":\"ImageObject\",\"inLanguage\":\"en-GB\",\"@id\":\"https:\\\/\\\/amazingholidays.travel\\\/#\\\/schema\\\/logo\\\/image\\\/\",\"url\":\"https:\\\/\\\/amazingholidays.travel\\\/wp-content\\\/uploads\\\/2024\\\/08\\\/300x99xS-60.png\",\"contentUrl\":\"https:\\\/\\\/amazingholidays.travel\\\/wp-content\\\/uploads\\\/2024\\\/08\\\/300x99xS-60.png\",\"width\":301,\"height\":100,\"caption\":\"Amazing Holidays powered by Imaginize\"},\"image\":{\"@id\":\"https:\\\/\\\/amazingholidays.travel\\\/#\\\/schema\\\/logo\\\/image\\\/\"}}]}<\/script>\n<!-- \/ Yoast SEO plugin. -->","yoast_head_json":{"title":"Kreuzfahrten: Traumhafte Schiffsreisen \u2013 Jetzt buchen! | Amazing Holidays","description":"Buchen Sie traumhafte Kreuzfahrten online bei AmazingHolidays.Travel! Entdecken Sie die besten Angebote f\u00fcr AIDA, MSC, Costa und mehr. Planen Sie Ihre perfekte Kreuzfahrt mit unserem Experten-Team.","robots":{"index":"index","follow":"follow","max-snippet":"max-snippet:-1","max-image-preview":"max-image-preview:large","max-video-preview":"max-video-preview:-1"},"canonical":"https:\/\/amazingholidays.travel\/en_gb\/kreuzfahrten-und-schiffsreisen\/","og_locale":"en_GB","og_type":"article","og_title":"Kreuzfahrten: Traumhafte Schiffsreisen \u2013 Jetzt buchen! | Amazing Holidays","og_description":"Buchen Sie traumhafte Kreuzfahrten online bei AmazingHolidays.Travel! Entdecken Sie die besten Angebote f\u00fcr AIDA, MSC, Costa und mehr. Planen Sie Ihre perfekte Kreuzfahrt mit unserem Experten-Team.","og_url":"https:\/\/amazingholidays.travel\/en_gb\/kreuzfahrten-und-schiffsreisen\/","og_site_name":"Amazing Holidays","article_modified_time":"2024-10-04T23:02:40+00:00","twitter_card":"summary_large_image","twitter_misc":{"Estimated reading time":"6 minutes"},"schema":{"@context":"https:\/\/schema.org","@graph":[{"@type":"WebPage","@id":"https:\/\/amazingholidays.travel\/kreuzfahrten-und-schiffsreisen\/","url":"https:\/\/amazingholidays.travel\/kreuzfahrten-und-schiffsreisen\/","name":"Kreuzfahrten: Traumhafte Schiffsreisen \u2013 Jetzt buchen! | Amazing Holidays","isPartOf":{"@id":"https:\/\/amazingholidays.travel\/#website"},"datePublished":"2023-07-21T08:28:14+00:00","dateModified":"2024-10-04T23:02:40+00:00","description":"Buchen Sie traumhafte Kreuzfahrten online bei AmazingHolidays.Travel! Entdecken Sie die besten Angebote f\u00fcr AIDA, MSC, Costa und mehr. Planen Sie Ihre perfekte Kreuzfahrt mit unserem Experten-Team.","breadcrumb":{"@id":"https:\/\/amazingholidays.travel\/kreuzfahrten-und-schiffsreisen\/#breadcrumb"},"inLanguage":"en-GB","potentialAction":[{"@type":"ReadAction","target":["https:\/\/amazingholidays.travel\/kreuzfahrten-und-schiffsreisen\/"]}]},{"@type":"BreadcrumbList","@id":"https:\/\/amazingholidays.travel\/kreuzfahrten-und-schiffsreisen\/#breadcrumb","itemListElement":[{"@type":"ListItem","position":1,"name":"Startseite","item":"https:\/\/amazingholidays.travel\/"},{"@type":"ListItem","position":2,"name":"IBE Kreuzfahrten &#038; Schiffsreisen"}]},{"@type":"WebSite","@id":"https:\/\/amazingholidays.travel\/#website","url":"https:\/\/amazingholidays.travel\/","name":"Amazing Holidays","description":"G\u00fcnstig Reisen &amp; Urlaub buchen","publisher":{"@id":"https:\/\/amazingholidays.travel\/#organization"},"alternateName":"Amazing Holidays Germany","potentialAction":[{"@type":"SearchAction","target":{"@type":"EntryPoint","urlTemplate":"https:\/\/amazingholidays.travel\/?s={search_term_string}"},"query-input":{"@type":"PropertyValueSpecification","valueRequired":true,"valueName":"search_term_string"}}],"inLanguage":"en-GB"},{"@type":"Organization","@id":"https:\/\/amazingholidays.travel\/#organization","name":"Amazing Holidays powered by Imaginize","alternateName":"Amazing Holidays Germany","url":"https:\/\/amazingholidays.travel\/","logo":{"@type":"ImageObject","inLanguage":"en-GB","@id":"https:\/\/amazingholidays.travel\/#\/schema\/logo\/image\/","url":"https:\/\/amazingholidays.travel\/wp-content\/uploads\/2024\/08\/300x99xS-60.png","contentUrl":"https:\/\/amazingholidays.travel\/wp-content\/uploads\/2024\/08\/300x99xS-60.png","width":301,"height":100,"caption":"Amazing Holidays powered by Imaginize"},"image":{"@id":"https:\/\/amazingholidays.travel\/#\/schema\/logo\/image\/"}}]}},"_links":{"self":[{"href":"https:\/\/amazingholidays.travel\/en_gb\/wp-json\/wp\/v2\/pages\/8912","targetHints":{"allow":["GET"]}}],"collection":[{"href":"https:\/\/amazingholidays.travel\/en_gb\/wp-json\/wp\/v2\/pages"}],"about":[{"href":"https:\/\/amazingholidays.travel\/en_gb\/wp-json\/wp\/v2\/types\/page"}],"author":[{"embeddable":true,"href":"https:\/\/amazingholidays.travel\/en_gb\/wp-json\/wp\/v2\/users\/1"}],"replies":[{"embeddable":true,"href":"https:\/\/amazingholidays.travel\/en_gb\/wp-json\/wp\/v2\/comments?post=8912"}],"version-history":[{"count":36,"href":"https:\/\/amazingholidays.travel\/en_gb\/wp-json\/wp\/v2\/pages\/8912\/revisions"}],"predecessor-version":[{"id":12203,"href":"https:\/\/amazingholidays.travel\/en_gb\/wp-json\/wp\/v2\/pages\/8912\/revisions\/12203"}],"wp:attachment":[{"href":"https:\/\/amazingholidays.travel\/en_gb\/wp-json\/wp\/v2\/media?parent=8912"}],"curies":[{"name":"wp","href":"https:\/\/api.w.org\/{rel}","templated":true}]}}